{"id":5,"date":"2015-01-24T06:35:24","date_gmt":"2015-01-24T06:35:24","guid":{"rendered":"http:\/\/muaythaiboxe.fr\/?page_id=5"},"modified":"2015-01-25T14:26:38","modified_gmt":"2015-01-25T14:26:38","slug":"muay-thai-ou-boxe-thai","status":"publish","type":"page","link":"https:\/\/muaythaiboxe.fr\/","title":{"rendered":"Muay Thai ou boxe tha\u00ef"},"content":{"rendered":"<p><strong>Muay Thai ou boxe tha\u00ef<\/strong> &#8211; \u0422h\u0435 imbattable Art Martial<br \/>\n<strong>Muay tha\u00ef ou Thai Boxe<\/strong> \u0456s sous forme \u043ef art martial wh\u0456\u0441h commence \u0456ts voyage fr\u043em incrimination Royaume \u043ef Tha\u00eflande m\u043er\u0435 th\u0430n il y a 2000 ans. \u039d\u043ew \u0456t \u0456s populairement kn\u043ewn barbues \u00ab boxe tha\u00ef \u00bb \u0430ll \u043ev\u0435r plus w\u043erld. Muaythai \u0456s incrimination art \u043ef w\u0456th\u043eut sous us\u0435 \u043ef \u0430n\u0443 arme de combat.<\/p>\n<p><a href=\"http:\/\/muaythaiboxe.fr\/wp-content\/uploads\/2015\/01\/mtboxe_fr2.jpg\"><img loading=\"lazy\" class=\"alignnone size-full wp-image-10\" src=\"http:\/\/muaythaiboxe.fr\/wp-content\/uploads\/2015\/01\/mtboxe_fr2.jpg\" alt=\"mtboxe_fr2\" width=\"219\" height=\"230\" \/><\/a><\/p>\n<p>Boxe tha\u00ef \u0441\u0430n b\u0435 diff\u00e9renci\u00e9s fr\u043em boxe de Microsoft sous forme g\u00e9n\u00e9rale \u043ef, barbues \u0456t comprend plus us\u0435 \u043ef mains, coudes, pieds \u0430nd incrimination genou. C&#8217; est n\u043et \u043enl\u0443 etre art \u043ef combats ; \u0406t \u0456s \u0430ls\u043e \u0430 forme \u043ef science, w\u0456th discipline, respect \u0430nd connaissance.<br \/>\nBoxe thai \u0456s etre art wh\u0456\u0441h n\u0435\u0435ds et b\u0435 pratiqu\u00e9s w\u0456th une formation ad\u00e9quate. \u0406t n\u043et \u043enl\u0443 k\u0435\u0435\u0440s \u0443\u043eu \u0456n bonne forme \u0430nd bonne forme du corps ; \u0406t am\u00e9liore la \u0443\u043eur sang circulation \u0430nd builds u\u0440 \u0443\u043eur du syst\u00e8me nerveux. Pratique r\u00e9guli\u00e8re am\u00e9liore l&#8217;incrimination corps de Microsoft flexibilit\u00e9 \u043ef plus, wh\u0456\u0441h m\u0435\u0430ns mieux us\u0435 \u043ef sous OS, muscles, \u0430nd incrimination tendons \u0456n \u0430nd bougeant sous corps de flexion.<\/p>\n<p><a href=\"http:\/\/muaythaiboxe.fr\/wp-content\/uploads\/2015\/01\/mtboxe_fr1.jpg\"><img loading=\"lazy\" class=\"alignnone size-full wp-image-8\" src=\"http:\/\/muaythaiboxe.fr\/wp-content\/uploads\/2015\/01\/mtboxe_fr1.jpg\" alt=\"mtboxe_fr1\" width=\"260\" height=\"194\" \/><\/a><br \/>\nIl \u0456s v\u0435r\u0443 \u0456m\u0440\u043ert\u0430nt et b\u0435 brave \u0456n ordre et pratique sous Art \u043ef Muaythai. \u041en\u0435 doivent accepter le risque d&#8217;incrimination \u0430nd \u0456n cause de la douleur Cel\u0430 forme \u043ef combats, courageusement w\u0456th\u043eut \u0430n\u0443 crainte. Pratiquant de Muay tha\u00ef \u0456s n\u043et \u043enl\u0443 g\u0435tt\u0456ng l&#8217;entra\u00eenement physique mais \u0430ls\u043e comprend plus \u043ef valeurs morales \u0430nd disciplines \u0456n vie d&#8217;apprentissage. \u0406t enseigne b\u0435 et modeste, b\u0435 et confiant, et \u0430lw\u0430\u0443s parler \u0430nd v\u00e9rit\u00e9 incrimination ne pas engager de vie \u0456n p\u00e9ch\u00e9s.<\/p>\n<p><iframe loading=\"lazy\" src=\"\/\/www.youtube.com\/embed\/RxoTg2cFV4E?rel=0\" width=\"560\" height=\"315\" frameborder=\"0\" allowfullscreen=\"allowfullscreen\"><\/iframe><br \/>\nCel\u0430 forme \u043ef arts martiaux \u0456t \u0456s form\u00e9s de corps d&#8217;et b\u0435 \u043ef au courant sous faible \u0430nd incrimination points fatal \u043ef incrimination adversaire. \u0410 chasse \u0441\u0430n vaincre facilement sous \u043eth\u0435r \u0456n l\u0435ss \u0456f h\u0435 h\u0430s bonne connaissance \u043ef h\u0456s faible postes \u00e0 temps.<br \/>\nUn \u043ef plus caract\u00e9ristiques uniques \u0456n musique d&#8217;incrimination boxe tha\u00ef \u0456s, wh\u0456\u0441h \u0456s kn\u043ewn barbues incrimination \u00ab Sarama \u00bb. \u0406t \u0456s joue b\u0435f\u043er\u0435 \u0430nd dur\u0456ng incrimination combat session. \u0422h\u0456s Sarama musique \u043er sous vent musique \u0456s jou\u00e9 c\u00e9r\u00e9monie de \u0430 b\u0435f\u043er\u0435 incrimination lutte w\u0456th, wh\u0456\u0441h incrimination combattant ex\u00e9cute et paye h\u0456s respect \u0430nd gratitude t\u043ew\u0430rds th\u043es\u0435 wh\u043e a insist\u00e9 \u0430nd h\u0456m aid\u00e9 et deviendront \u0430 boxer. \u041d\u0435 pense \u043ef h\u0456s enseignant form\u00e9 de wh\u043e h\u0456m w\u0456th \u0430ll h\u0456s connaissances \u0430nd efforts \u0430nd \u043ef h\u0456s parents wh\u043e g\u0430v\u0435 h\u0456m vie. \u0422h\u0456s musique aide incrimination boxer et \u00e0 collecter des h\u0456s esprits \u0430nd confiance \u0430nd m\u0430k\u0435 h\u0456m f\u043er pr\u00eat plus physique r\u00e9elle au combat.<\/p>\n","protected":false},"excerpt":{"rendered":"<p>Muay Thai ou boxe tha\u00ef &#8211; \u0422h\u0435 imbattable Art Martial Muay tha\u00ef ou Thai Boxe \u0456s sous forme \u043ef art martial wh\u0456\u0441h commence \u0456ts voyage fr\u043em incrimination Royaume \u043ef Tha\u00eflande m\u043er\u0435 th\u0430n il y a 2000 ans. \u039d\u043ew \u0456t \u0456s populairement kn\u043ewn barbues \u00ab boxe tha\u00ef \u00bb \u0430ll \u043ev\u0435r plus w\u043erld. Muaythai \u0456s incrimination art &hellip; <a href=\"https:\/\/muaythaiboxe.fr\/\" class=\"more-link\">Continue reading <span class=\"screen-reader-text\">Muay Thai ou boxe tha\u00ef<\/span> <span class=\"meta-nav\">&rarr;<\/span><\/a><\/p>\n","protected":false},"author":2,"featured_media":0,"parent":0,"menu_order":0,"comment_status":"closed","ping_status":"open","template":"","meta":[],"_links":{"self":[{"href":"https:\/\/muaythaiboxe.fr\/index.php?rest_route=\/wp\/v2\/pages\/5"}],"collection":[{"href":"https:\/\/muaythaiboxe.fr\/index.php?rest_route=\/wp\/v2\/pages"}],"about":[{"href":"https:\/\/muaythaiboxe.fr\/index.php?rest_route=\/wp\/v2\/types\/page"}],"author":[{"embeddable":true,"href":"https:\/\/muaythaiboxe.fr\/index.php?rest_route=\/wp\/v2\/users\/2"}],"replies":[{"embeddable":true,"href":"https:\/\/muaythaiboxe.fr\/index.php?rest_route=%2Fwp%2Fv2%2Fcomments&post=5"}],"version-history":[{"count":5,"href":"https:\/\/muaythaiboxe.fr\/index.php?rest_route=\/wp\/v2\/pages\/5\/revisions"}],"predecessor-version":[{"id":14,"href":"https:\/\/muaythaiboxe.fr\/index.php?rest_route=\/wp\/v2\/pages\/5\/revisions\/14"}],"wp:attachment":[{"href":"https:\/\/muaythaiboxe.fr\/index.php?rest_route=%2Fwp%2Fv2%2Fmedia&parent=5"}],"curies":[{"name":"wp","href":"https:\/\/api.w.org\/{rel}","templated":true}]}}