{"id":31,"date":"2015-01-25T14:23:42","date_gmt":"2015-01-25T14:23:42","guid":{"rendered":"http:\/\/muaythaiboxe.fr\/?page_id=31"},"modified":"2015-01-25T14:24:05","modified_gmt":"2015-01-25T14:24:05","slug":"avantages","status":"publish","type":"page","link":"https:\/\/muaythaiboxe.fr\/?page_id=31","title":{"rendered":"Avantages"},"content":{"rendered":"<p><strong>Les avantages du Muay tha\u00ef formation<\/strong><\/p>\n<p>Parmi les styles de combat les plus r\u00e9v\u00e9r\u00e9s de tous les temps, Muay Thai a une longue culture d&#8217;\u00eatre une fa\u00e7on incroyable pour am\u00e9liorer vos attributs dans un large \u00e9ventail de moyens-que ce soit votre vitesse, souplesse ou force ou m\u00eame vos r\u00e9actions et de lecture d&#8217;une situation \u2013 Muay Thai formation d\u00e9tient une r\u00e9putation incroyable en raison de l&#8217;immense quantit\u00e9 de travail impliqu\u00e9s. Le style est originaire d&#8217;abord en Tha\u00eflande il y a plus de mille ans, et a progressivement cette p\u00e9riode \u00e9volu\u00e9 et assimil\u00e9 dans beaucoup d&#8217;autres cultures.<\/p>\n<p>La connaissance s&#8217;est r\u00e9pandue largement, et maintenant beaucoup de professeurs est en mesure d&#8217;offrir un camp d&#8217;entra\u00eenement de l\u00e9gitime et professionnelle pour ceux qui veulent se pencher. Alors, quels sont les avantages de relever d&#8217;une telle situation de formation intense et d\u00e9taill\u00e9e ?<\/p>\n<p><strong>Se construit<\/strong><\/p>\n<p>Commen\u00e7ons tout d&#8217;abord, il y a beaucoup de travail qui va dans une session de formation tha\u00ef Muay \u2013 vous travaillez \u00e0 un rythme rapide et dur la plupart du temps. Cela signifie que votre m\u00e9tabolisme va s&#8217;am\u00e9liorer, qui contribue \u00e0 acc\u00e9l\u00e9rer le processus de combustion loin des graisses et en favorisant la croissance des muscles \u00e0 la place. Pour ceux qui cherchent \u00e0 perdre du poids, il y a peu de meilleurs moyens de le faire que le Muay Thai. Plut\u00f4t que de r\u00e9p\u00e9ter encore et encore les exercices tr\u00e8s simples et du mal \u00e0 trouver la motivation n\u00e9cessaire, vous pouvez plut\u00f4t vous concentrer sur quelque chose de vraiment agr\u00e9able qui vous aide \u00e0 obtenir construit et perdre du poids en m\u00eame temps.<\/p>\n<p><strong>Apprendre la valeur de la Discipline<\/strong><\/p>\n<p>Une des parties plus puissants de relever n&#8217;importe quel art martial, cependant, est la puissance de la discipline qu&#8217;il habilite en vous. Il vous permet d&#8217;apprendre comment contr\u00f4ler vos \u00e9motions et comment r\u00e9agir de fa\u00e7on compos\u00e9e. Parce que vous avez affaire \u00e0 des situations graves qui vont vous faire mal si vous ne r\u00e9agissez pas, vous devenez une personne beaucoup plus disciplin\u00e9e qui est beaucoup plus habile \u00e0 lire et \u00e0 r\u00e9agir aux situations avec pr\u00e9avis minimal.<\/p>\n<p><strong>Apprendre \u00e0 se concentrer<\/strong><\/p>\n<p>Suite \u00e0 votre discipline, vous serez en mesure de vous procurer dans un \u00e9tat d&#8217;esprit o\u00f9 strat\u00e9gie vient en premier plut\u00f4t que quelle serait la r\u00e9action plus rapide, plus d\u00e9cisif. Dans un environnement typique de \u00ab se battre \u00bb, les gens ont tendance \u00e0 aller pour le tueur coup chaque fois. Avec une formation professionnelle, vous pourrez voir l&#8217;avantage d&#8217;utiliser des petites \u00e9tapes pour atteindre votre objectif final de la victoire.<\/p>\n<p>Le succ\u00e8s que vous voir de faire cela dans un Muay Thai camp d&#8217;entra\u00eenement va devenir une partie de votre style et la psych\u00e9 g\u00e9n\u00e9rale dans la vie quotidienne. Mise au point est quelque chose que nous pouvons tous b\u00e9n\u00e9ficier et bonifier, et la formation que vous subissez vous aidera \u00e0 parfaire votre agilit\u00e9 mentale, mais aussi vos performances physiques.<\/p>\n<p>Muay tha\u00ef formation peut \u00eatre intense, et il peut y avoir beaucoup de dur labeur. Toutefois, si vous voulez perdre du poids et de le faire d&#8217;une mani\u00e8re que vous l&#8217;appr\u00e9cierez r\u00e9ellement, ou vous voulez mettre en forme et am\u00e9liorer votre performance mentale de diff\u00e9rentes mani\u00e8res, alors il est certainement en valeur l&#8217;immense travail n\u00e9cessaire pour atteindre tout en haut de l&#8217;arbre de Muay Thai.<\/p>\n<p>Speak StopEmail this translationSearch this translation with BingThis is a good translationThis is a bad translation.<\/p>\n<p>&nbsp;<\/p>\n","protected":false},"excerpt":{"rendered":"<p>Les avantages du Muay tha\u00ef formation Parmi les styles de combat les plus r\u00e9v\u00e9r\u00e9s de tous les temps, Muay Thai a une longue culture d&#8217;\u00eatre une fa\u00e7on incroyable pour am\u00e9liorer vos attributs dans un large \u00e9ventail de moyens-que ce soit votre vitesse, souplesse ou force ou m\u00eame vos r\u00e9actions et de lecture d&#8217;une situation \u2013 &hellip; <a href=\"https:\/\/muaythaiboxe.fr\/?page_id=31\" class=\"more-link\">Continue reading <span class=\"screen-reader-text\">Avantages<\/span> <span class=\"meta-nav\">&rarr;<\/span><\/a><\/p>\n","protected":false},"author":1,"featured_media":0,"parent":0,"menu_order":0,"comment_status":"closed","ping_status":"open","template":"","meta":[],"_links":{"self":[{"href":"https:\/\/muaythaiboxe.fr\/index.php?rest_route=\/wp\/v2\/pages\/31"}],"collection":[{"href":"https:\/\/muaythaiboxe.fr\/index.php?rest_route=\/wp\/v2\/pages"}],"about":[{"href":"https:\/\/muaythaiboxe.fr\/index.php?rest_route=\/wp\/v2\/types\/page"}],"author":[{"embeddable":true,"href":"https:\/\/muaythaiboxe.fr\/index.php?rest_route=\/wp\/v2\/users\/1"}],"replies":[{"embeddable":true,"href":"https:\/\/muaythaiboxe.fr\/index.php?rest_route=%2Fwp%2Fv2%2Fcomments&post=31"}],"version-history":[{"count":1,"href":"https:\/\/muaythaiboxe.fr\/index.php?rest_route=\/wp\/v2\/pages\/31\/revisions"}],"predecessor-version":[{"id":32,"href":"https:\/\/muaythaiboxe.fr\/index.php?rest_route=\/wp\/v2\/pages\/31\/revisions\/32"}],"wp:attachment":[{"href":"https:\/\/muaythaiboxe.fr\/index.php?rest_route=%2Fwp%2Fv2%2Fmedia&parent=31"}],"curies":[{"name":"wp","href":"https:\/\/api.w.org\/{rel}","templated":true}]}}