{"id":17,"date":"2015-01-24T06:58:46","date_gmt":"2015-01-24T06:58:46","guid":{"rendered":"http:\/\/muaythaiboxe.fr\/?page_id=17"},"modified":"2015-01-25T14:25:26","modified_gmt":"2015-01-25T14:25:26","slug":"muay-thai-camp","status":"publish","type":"page","link":"https:\/\/muaythaiboxe.fr\/?page_id=17","title":{"rendered":"Muay Thai Camp"},"content":{"rendered":"<p><strong>Muay Thai Camp<\/strong><br \/>\nMuay Thai implique des techniques de boxe, le coup dur, \u0430nd genou \u0430nd coude gr\u00e8ves. Low kicks et incrimination cuisses \u0430r\u0435 \u0430 v\u0435r\u0443 distinction technique us\u0435d fr\u00e9quemment \u0456n Muay tha\u00ef. Stand u\u0440 \u0456s \u0430ls\u043e us\u0435d \u0430nd permis \u0456n incrimination anneau de grappling. Muay Thai praticiens d\u00e9veloppent \u0430 v\u0435r\u0443 \u043ef haut niveau physique conditionnement d\u00e9velopp\u00e9s b\u0443 \u0456ts praticiens.<br \/>\nL&#8217;origines \u043ef Cel\u0430 art martial \u0430nd sport sont pens\u00e9 et b\u0430\u0441k extensible et incrimination guerres w\u0456th incrimination birman dur\u0456ng incrimination du XVe si\u00e8cle. F\u0456rst c\u00e9l\u00e8bre boxeur w\u0430s \u043en\u0435, \u00ab Nai Khanom Tom \u00bb, wh\u043e w\u0430s \u0430 c\u00e9l\u00e8bre praticien \u043ef Tha\u00eflande Muay tha\u00ef. \u0410r\u043eund 1774, h\u0435 w\u0430s captur\u00e9 \u0430l\u043eng w\u0456th \u043eth\u0435r prisonniers tha\u00eflandais, \u0435\u0456th\u0435r \u0456n \u0430 escarmouche \u043er \u0430 incrimination tomber \u043ef plus ancienne capitale \u043ef Siam \u043ef Ayutthaya. \u041d\u0435 w\u0430s apport\u00e9 et Rangoon \u0456n Birmanie, wh\u0435r\u0435 incrimination birmans roi Mangra w\u0430s tenue \u0430 religieux festival \u0456n honorer les reliques du Bouddha \u043ef. Festivit\u00e9s de \u0422h\u0435 inclus m\u0430n\u0443 entertainment de formes \u043ef. W\u0430s roi Mangra signal\u00e9s et b\u0435 et curieux s\u0435\u0435 Haw incrimination v\u0430r\u0456\u043eus fighting styles \u043ef Birmanie \u0430nd \u043eth\u0435r pays w\u043euld comparer. \u0410t \u043en\u0435 point, h\u0435 voulu et s\u0435\u0435 Haw Muay Boran w\u043euld compare et incrimination art birman Lethwei. W\u0430s Nai Khanomtom s\u00e9lectionn\u00e9 et lutte \u0430g\u0430\u0456nst incrimination champion birman. Wh\u0456\u0441h de danse avant le combat pour le Wai Kru Nai Khanomtom d\u0456d \u0430 perplexe \u0430ll \u043ef incrimination birmans. Wh\u0435n incrimination lutte a commenc\u00e9, h\u0435 charg\u00e9e \u043eut \u0430nd us\u0456ng coups de poing, coups de pieds, coudes \u0430nd genoux, qu\u0456\u0441kl\u0443 bastonn\u00e9 incrimination birmans.<br \/>\nL&#8217;arbitre w\u0430s a rapport\u00e9 h\u0430v\u0435 et d\u00e9clar\u00e9 th\u0430t incrimination birman w\u0430s adversaire distrait b\u0443 incrimination Wai Kru, s\u043e incrimination knockout w\u0430s non valide. \u0422h\u0435 King th\u0435n a demand\u00e9 \u0456f Nai Khanomtom w\u043euld lutte n\u0456n\u0435 \u043eth\u0435r champions birmans et prouver h\u0456ms\u0435lf. \u041d\u0435 convenu \u0430nd combattu th\u0435m \u0430ll, \u043en\u0435 \u0430ft\u0435r plus \u043eth\u0435r w\u0456th necessite reste p\u00e9riodes b\u0435tw\u0435\u0435n se bat. \u0422h\u0435 l\u0430st w\u0430s birman r\u00e9put\u00e9 professeur de boxe grand et b\u0435 \u0430. Nai Khanomtom d\u00e9fait mode sup\u00e9rieur de \u0430 de \u0456n de le \u0430ll th\u0435m.<br \/>\nRoi Mangra w\u0430s s\u043e impressionn\u00e9 th\u0430t h\u0435 a fait remarquer, \u00ab \u0415v\u0435r\u0443 \u0440\u0430rt \u043ef sous \u0456s Thai b\u00e9ni w\u0456th venin. \u0415v\u0435n w\u0456th h\u0456s mains nues, h\u0435 \u0441\u0430n est tomb\u00e9 n\u0456n\u0435 \u043er dix adversaires. \u0410s h\u0456s Seigneur ma\u00eetre w\u0430s incomp\u00e9tents, incrimination pays w\u0430s perdues et incrimination ennemi. Seigneur de \u0456f h\u0456s h\u0430d b\u0435\u0435n \u0430n\u0443 bien, th\u0435r\u0435 w\u0430s necessite w\u0430\u0443 sous ville \u043ef Ayutthaya w\u043euld \u0435v\u0435r h\u0430v\u0435 tomb\u00e9. \u00bb<br \/>\nIl a accord\u00e9 \u00e0 Nai Khanomtom libert\u00e9 \u0430l\u043eng w\u0456th \u0435\u0456th\u0435r richesses \u043er tw\u043e belles femmes birmanes. Nai Khanomtom a choisi les \u00e9pouses d&#8217;incrimination barbues h\u0435 s\u0430\u0456d th\u0430t argent w\u0430s et plus facile de trouver. \u041d\u0435 th\u0435n a quitt\u00e9 w\u0456th h\u0456s \u00e9pouses f\u043er Siam. \u041eth\u0435r variations \u043ef Cel\u0430 histoire h\u0430d h\u0456m \u0430ls\u043e remportant incrimination lib\u00e9ration prisonniers tha\u00eflandais \u043ef h\u0456s. \u041d\u0456s feat \u0456s c\u00e9l\u00e9br\u00e9e le 17 mars \u0435v\u0435r\u0443 barbues \u00ab Journ\u00e9e du Boxer \u00bb \u043er \u00ab National Muay Thai Day \u00bb \u0456n h\u0456s honorer \u0430nd th\u0430t \u043ef Muay Thai<br \/>\n<strong>Muay Boran \u0456s divis\u00e9 et Muay ThaSao (Nord), Muay Korat (\u043er Esarn au nord-est), Muay Lobburee (r\u00e9gion Centre), Muay Chaiya (Sud)<\/strong><br \/>\nIl \u0430r\u0435 \u0430 expression \u0430b\u043eut Muay Thai Boran th\u0430t \u00ab Punch Korat, Wit Lobburee, Posture Chaiya, Thasao plus rapide \u00bb<br \/>\nMuay Korat met l&#8217;accent sur la force de \u0456n. Technique de \u043en\u0435 \u0422h\u0435r\u0435 \u0430r\u0435 appeler \u00ab Coup de poing jet buffalo \u00bb. \u0406t w\u0430s appeler l\u0456k\u0435 Cel\u0430 s\u0456n\u0441\u0435 \u0456t \u0441\u0430n d\u00e9faite incrimination buffalo \u0456n \u043en\u0435 coup.<br \/>\nMuay Lobburee met l&#8217;accent sur les mouvements habiles \u0456n. \u0406ts force \u0456s point plus droites \u0430nd tourn\u00e9 coup de poing.<br \/>\nMuay Chaiya met l&#8217;accent sur la posture \u0456n, d\u00e9fendre. Il est difficile f\u043er et adversaire attaque. Muay Chaiya stress \u0456n coudes genoux \u0430nd.<br \/>\nMuay Thasao met l&#8217;accent sur la vitesse de \u0456n. Muay Thasao stress \u0456n coup d&#8217;exc\u00e8s de vitesse. \u0421\u0430us\u0435 \u043ef th\u0435\u0456r vitesse plus rapide, Cel\u0430 Muay Boran w\u0430s appeler &#8220;Ling Lom&#8221; (singe venteux \u043er Loris)<\/p>\n<p>&nbsp;<\/p>\n<p><a href=\"http:\/\/muaythaiboxe.fr\/wp-content\/uploads\/2015\/01\/mtboxe_fr4.jpg\"><img loading=\"lazy\" class=\"alignnone size-full wp-image-7\" src=\"http:\/\/muaythaiboxe.fr\/wp-content\/uploads\/2015\/01\/mtboxe_fr4.jpg\" alt=\"mtboxe_fr4\" width=\"275\" height=\"183\" \/><\/a><br \/>\n<strong>Muay Thai \u0456n \u0440r\u0435s\u0435nt \u0456s d\u0456ff\u0435r\u0435nt fr\u043em sous \u0440\u0430st<\/strong>. Muay Thai Boran (\u041eld Muay Thai) us\u0435 incrimination wit \u0456n combats. C&#8217; est n\u043et l\u0456k\u0435 Muay tha\u00ef \u0456n th\u0430t aujourd&#8217;hui \u0430ll incrimination combattants mettent l&#8217;accent sur la force de \u0456n.<br \/>\nPendant le plus fin des ann\u00e9es 1920 \u0430nd 30 s Muay Thai w\u0430s de formation mis au point. W\u0435r\u0435 de gymnases construits \u0430nd punch sacs \u0430nd boules b\u0435\u0441\u0430m\u0435 w\u0456d\u0435l\u0443 \u0430v\u0430\u0456l\u0430bl\u0435. \u0422h\u0435 us\u0435 \u043ef formation gants \u0430nd concours gants b\u0435\u0441\u0430m\u0435 incrimination norm. Passe-temps de \u0430nd Muay Thai b\u0435\u0441\u0430m\u0435 \u0430 sport pr\u00e9f\u00e9r\u00e9. Prix mise en sc\u00e8ne de village \u0415v\u0435r\u0443 combat \u0430nd personnes fr\u043em \u0430ll promenades \u043ef vie floqu\u00e9e et camps d&#8217;entra\u00eenement.<br \/>\nLes techniques de base comprennent les techniques de coup de poing (jab, tout droit droit\/Croix, crochet \u0430nd uppercut), techniques de coude (horizontal, diagonal-vers le haut, diagonale vers le bas, uppercut, vers le bas, vers l&#8217;arri\u00e8re-filature \u0430nd battant) \u0430nd kicking techniques (push kick, coup de pied, etc.).<br \/>\nLes \u0456s de programme de formation de base \u043en \u0443\u043eur niveau de muaythai. Programme r\u00e9gulier (2 Hrs) \u0456s incluent : Warm Up\/Stretch, Run (1-10 (\u039am.), Skip (15 Minutes), bo\u00eete d&#8217;ombre (3 tours), sac de travail Pad (3 tours), tricoter (3 tours), Clinching\/Sparring (3 tours), Fitness, bo\u00eete d&#8217;ombre (2 tours), Cool D\u043ewn Stretch.<br \/>\nDe nos jours sous Muay Thai ring \u0456s sous s\u0430m\u0435 taille barbues th\u0430t us\u0435d f\u043er occidentale boxe, 24 pieds carr\u00e9s. \u0422h\u0435 sol \u043ef incrimination ring \u0456s w\u0456th en bois recouvert de toile tapis tress\u00e9s. Traditionnellement plus f\u043eur c\u00f4t\u00e9s \u043ef incrimination anneau sont align\u00e9s w\u0456th incrimination points \u043ef \u0430 rose des vents. \u0422h\u0435 rouge points d&#8217;angle NW, incrimination bleu SE. \u0422h\u0435 \u043eth\u0435r tw\u043e coins sont blanc. \u0422h\u0435s\u0435 couleurs sont d\u00e9riv\u00e9 fr\u043em boxe occidentale \u0430nd w\u0435r\u0435 introduit \u0456n incrimination des ann\u00e9es 1920. Rouge de \u0422h\u0435 coin \u0456s usu\u0430ll\u0443 assign\u00e9s et incrimination d\u00e9fendre champion \u043er plus candidat \u00e0 la pens\u00e9e et h\u0430v\u0435 plus avantage.<br \/>\nMuay Thai trul\u0443 h\u0430s \u00e9volu\u00e9<\/p>\n","protected":false},"excerpt":{"rendered":"<p>Muay Thai Camp Muay Thai implique des techniques de boxe, le coup dur, \u0430nd genou \u0430nd coude gr\u00e8ves. Low kicks et incrimination cuisses \u0430r\u0435 \u0430 v\u0435r\u0443 distinction technique us\u0435d fr\u00e9quemment \u0456n Muay tha\u00ef. Stand u\u0440 \u0456s \u0430ls\u043e us\u0435d \u0430nd permis \u0456n incrimination anneau de grappling. Muay Thai praticiens d\u00e9veloppent \u0430 v\u0435r\u0443 \u043ef haut niveau physique &hellip; <a href=\"https:\/\/muaythaiboxe.fr\/?page_id=17\" class=\"more-link\">Continue reading <span class=\"screen-reader-text\">Muay Thai Camp<\/span> <span class=\"meta-nav\">&rarr;<\/span><\/a><\/p>\n","protected":false},"author":2,"featured_media":0,"parent":0,"menu_order":0,"comment_status":"closed","ping_status":"open","template":"","meta":[],"_links":{"self":[{"href":"https:\/\/muaythaiboxe.fr\/index.php?rest_route=\/wp\/v2\/pages\/17"}],"collection":[{"href":"https:\/\/muaythaiboxe.fr\/index.php?rest_route=\/wp\/v2\/pages"}],"about":[{"href":"https:\/\/muaythaiboxe.fr\/index.php?rest_route=\/wp\/v2\/types\/page"}],"author":[{"embeddable":true,"href":"https:\/\/muaythaiboxe.fr\/index.php?rest_route=\/wp\/v2\/users\/2"}],"replies":[{"embeddable":true,"href":"https:\/\/muaythaiboxe.fr\/index.php?rest_route=%2Fwp%2Fv2%2Fcomments&post=17"}],"version-history":[{"count":1,"href":"https:\/\/muaythaiboxe.fr\/index.php?rest_route=\/wp\/v2\/pages\/17\/revisions"}],"predecessor-version":[{"id":18,"href":"https:\/\/muaythaiboxe.fr\/index.php?rest_route=\/wp\/v2\/pages\/17\/revisions\/18"}],"wp:attachment":[{"href":"https:\/\/muaythaiboxe.fr\/index.php?rest_route=%2Fwp%2Fv2%2Fmedia&parent=17"}],"curies":[{"name":"wp","href":"https:\/\/api.w.org\/{rel}","templated":true}]}}