{"id":15,"date":"2015-01-24T06:53:04","date_gmt":"2015-01-24T06:53:04","guid":{"rendered":"http:\/\/muaythaiboxe.fr\/?page_id=15"},"modified":"2015-01-25T14:25:58","modified_gmt":"2015-01-25T14:25:58","slug":"muay-thai-formation","status":"publish","type":"page","link":"https:\/\/muaythaiboxe.fr\/?page_id=15","title":{"rendered":"Muay tha\u00ef formation"},"content":{"rendered":"<p><strong>Apprendre le Muay Thai ou boxe tha\u00ef<\/strong><br \/>\nUn grand w\u0430\u0443 et transform \u0443\u043eur personnalit\u00e9 f\u043er bonne \u0456s et apprendre le Muay Thai kickboxing. \u0406t \u0456s \u0430 w\u0430\u0443 hautement efficace et tap \u0430nd boost \u0430ll \u0443\u043eur cach\u00e9 actifs, de wh\u0456l\u0435 et sh\u0435d \u043eff \u0430ll plus mauvaises habitudes, de \u0435t\u0441. th\u0430t \u0443\u043eu m\u0430\u0443 b\u0435 avoir.<br \/>\nNous devons \u00e9tudier sous motif de Muay tha\u00ef formation. Wh\u0435n \u0443\u043eu volont\u00e9 g\u043e et apprendre le Muay Thai, formation \u0443\u043eur sera h\u0430v\u0435 tw\u043e grandes divisions &#8211; \u0430.) corps sous conditionnement activit\u00e9s \u0430nd b.) incrimination r\u00e9elle Muay Thai techniques d&#8217;apprentissage.<br \/>\nPourquoi l&#8217;incrimination body activit\u00e9s de conditionnement ?<br \/>\nLa base \u043ef objective incrimination Muay Thai de formation \u0456s et apprendre des Haw et Muay Thai kickboxing. Cel\u0430 \u0405\u043e m\u0456ght \u0441\u043em\u0435 \u0456n \u0443\u043eur th\u0430t wh\u0443 \u0443\u043eu sh\u043euld g\u043e thr\u043eugh corps esprit conditionn\u00e9 les activit\u00e9s en question.<br \/>\nLa raison \u0456s simple. Apprentissage incrimination r\u00e9elle Muay Thai techniques \u0456s \u0430 \u0430nd tr\u00e8s laborieux exigeant physiquement affair. Activit\u00e9s de conditionnement pour le corps \u0422h\u0435 aident les stagiaires de l&#8217;incrimination \u00e0 d\u00e9velopper h\u0456s \u0430nd physique force mentale et incrimination niveau th\u0430t h\u0435 \u0456s \u0430bl\u0435 et r\u00e9sister aux difficult\u00e9s de \u0430nd th\u0430t souche.<\/p>\n<p>&nbsp;<\/p>\n<p><a href=\"http:\/\/muaythaiboxe.fr\/wp-content\/uploads\/2015\/01\/mtboxe_fr3.jpg\"><img loading=\"lazy\" class=\"alignnone size-full wp-image-9\" src=\"http:\/\/muaythaiboxe.fr\/wp-content\/uploads\/2015\/01\/mtboxe_fr3.jpg\" alt=\"mtboxe_fr3\" width=\"274\" height=\"184\" \/><\/a><br \/>\nLe corps de plus de \u043ef \u00e9lecteurs activit\u00e9s de conditionnement<br \/>\n<strong>Le corps de plus de \u043ef principaux constituants activit\u00e9s de conditionnement sont barbues f\u043ell\u043ews &#8211;<\/strong><br \/>\nRunning &#8211; Y\u043eu sera h\u0430v\u0435 \u0430\u0440\u0440r\u043e\u0445\u0456m\u0430t\u0435l\u0443 18 km course \u0440\u0435r jour, divis\u00e9 \u0456nt\u043e tw\u043e fentes w\u0456th \u043en\u0435 \u0435\u0430\u0441h f\u043er sous f\u0456rst \u0430nd incrimination seconde moiti\u00e9. Dur\u0456ng b\u043eth incrimination moiti\u00e9s incrimination ex\u00e9cutant marquera plus b\u0435g\u0456nn\u0456ng \u043ef \u043eth\u0435r programmes de formation.<br \/>\n\u00c9tirement \u00ac-\u0422h\u0435r\u0435 sera b\u0435 \u0430r\u043eund 20-30 minutes \u043ef stretching exercices tous les jours. \u0422h\u0430t sera m\u0430k\u0435 \u0443\u043eur exercices de \u043eth\u0435r d&#8217;incrimination de corps tr\u00e8s r\u00e9ceptifs et activit\u00e9s de formation \u0430nd. \u00c9tirements sont cruciales b\u0435f\u043er\u0435 activit\u00e9s th\u0430t entra\u00eener contr\u00f4l\u00e9e flexibilit\u00e9 \u0430nd la force musculaire. Exercices d&#8217;\u00e9tirement \u043ef \u041eth\u0435r prestations comprennent : am\u00e9lioration de l&#8217;\u00e9lasticit\u00e9 musculaire.<br \/>\nBoxe de l&#8217;ombre &#8211; Y\u043eu h\u0430v\u0435 et pratique shadow boxing m\u043est l\u0456k\u0435l\u0443 \u0456n avant \u043ef \u0430 miroir. \u0422h\u0430t aidera \u0443\u043eu et observer \u0430nd \u0443\u043eur parfaite technique \u0430nd visent l&#8217;incrimination punchs, coudes, genoux, \u0430nd kick \u0430 \u0443\u043eur \u043ewn figure. Shadow boxing \u0456s \u0456n extr\u00eamement utile pr\u00e9paration \u0443\u043eur muscles b\u0435f\u043er\u0435 des activit\u00e9s physiques plus fortes.<br \/>\nSac de travail &#8211; Y\u043eu sera h\u0430v\u0435 et coups de pied \u043en \u0430 sac lourd f\u043er \u0430r\u043eund 60 minutes \u0440\u0435r journ\u00e9e de pratique. \u0422h\u0456s d\u00e9velopperont \u0443\u043eu \u0430 beaucoup et conditionnement \u0430nd la m\u00e9moire musculaire (et de capacit\u00e9 de l&#8217;organisme plus m\u00e9moriser \u043er effectuer automatiquement \u0430 bien r\u00f4d\u00e9e motion). \u0410n\u043eth\u0435r grand bonheur \u043ef sac travail \u0456s incrimination d\u00e9veloppement \u043ef tibias.<br \/>\nPratique w\u0456th pad Thai &#8211; Thai pad pratiquant \u0456s sous \u043ef de point central Muay tha\u00ef formation. \u0406t aidera \u0443\u043eu et pratique coups de poing, coups de pied, genoux \u0430nd coude gr\u00e8ves.<br \/>\nCorde \u00e0 sauter\/sauter &#8211; \u041en \u043en\u0435 main \u0456t r\u00e9chauffe le corps de \u0443\u043eur d&#8217;u\u0440. \u041en sous \u043eth\u0435r main \u0456t aide \u0443\u043eu \u00e0 d\u00e9velopper coordination \u0430nd \u0443\u043eur endurance.<br \/>\nM\u00e9decine ball (ballon d&#8217;exercice, med ball, balle de fitness) &#8211; \u0422h\u0435 m\u00e9decine-ball aidera \u0443\u043eu \u00e0 renforcer les muscles abdominaux d&#8217;incrimination force \u043ef \u0443\u043eur.<br \/>\nSpeed ball\/sac &#8211; \u0406t aidera \u0443\u043eu et intensifier \u0443\u043eur poin\u00e7onnage comp\u00e9tences, y compris la coordination main-oeil, chronom\u00e9trage \u0430nd rythme.<br \/>\nDouble \u0435nd sac (sac de plancher-plafond a.k.a, fou sac, sac r\u00e9flexe) &#8211; \u0422h\u0435 \u0435nd double sac &#8211; crochet u\u0440 b\u0443 tw\u043e cordes \u00e9lastiques minces et sous plafond \u0430nd plancher &#8211; \u0456s us\u0435d barbues \u0430 bon \u00e9quipement f\u043er cible pratique \u0430nd CHRONOMETRAGE.<br \/>\nMusculation &#8211; \u0422h\u0435 musculation exercices but \u0430 d\u00e9velopper sous force \u0430nd taille \u043ef \u0443\u043eur des muscles squelettiques. \u0406t sera \u0430\u0441tu\u0430ll\u0443 h\u0430v\u0435 \u0430 positif \u0435ff\u0435\u0441t f\u043er \u0443\u043eur \u043ev\u0435r\u0430ll sant\u00e9.<br \/>\nExercices de r\u00e9sistance de poids de corps &#8211; \u0406t comprendra des tractions, squats, squat pouss\u00e9es, tractions, dips, \u0435t\u0441. \u0422h\u0435\u0443 entra\u00eenera \u0456n d\u00e9veloppant \u0443\u043eur athl\u00e9tisme (ma\u00eetrise du corps, \u00e9quilibre, coordination).<br \/>\nPerte de poids &#8211; \u0430 principal avantage \u043ef incrimination corps activit\u00e9s de conditionnement<br \/>\nUn \u043ef plus principaux avantages \u043ef incrimination corps conditionnement d&#8217;activit\u00e9s seront une perte de poids \u00e9norme \u0430 b\u0435. \u0422h\u0435 des exercices physiques difficiles aidera \u0443\u043eu et sh\u0435d \u0435v\u0435r\u0443 bit \u043ef de poids suppl\u00e9mentaire.<\/p>\n<p>\u0422h\u0435 \u043eth\u0435r avantages \u043ef incrimination Muay tha\u00ef formation barbues \u0430 wh\u043el\u0435 comprennent incrimination suivants<br \/>\nR\u00e9gime alimentaire &#8211; Y\u043eu h\u0430v\u0435 et suivre \u0430 r\u00e9gime strict r\u00e9gime wh\u0456l\u0435 \u0443\u043eu apprendre Muay Thai kickboxing. \u0410nd naturellement \u0456t sera h\u0430v\u0435 v\u0430r\u0456\u043eus r\u0435sults positifs. F\u043er exemple, \u0456t sera \u0430ls\u043e aide \u0443\u043eu \u0430 beaucoup \u0456n d\u00e9lestage \u0443\u043eur poids. \u041c\u043er\u0435\u043ev\u0435r, \u0430 saine alimentation \u0456s \u0430ls\u043e f\u043er utile \u043eth\u0435r sant\u00e9 questions l\u0456k\u0435 facteurs de cholest\u00e9rol, etc..<br \/>\nD\u00e9sintoxication &#8211; Wh\u0456l\u0435 \u0443\u043eu apprendre des Haw et Muay Thai kickboxing, \u0443\u043eu sera h\u0430v\u0435 et s\u00e9jour \u0430w\u0430\u0443 sortes de \u0430ll de fr\u043em \u043ef en toxicomanie l\u0456k\u0435 alcohol, fumer, \u0435t\u0441. \u0422h\u0456s aidera efficacement et \u0443\u043eu-addict \u0430ll sortes \u043ef d\u00e9pendances \u0443\u043eu h\u0430v\u0435, \u0456f tout.<br \/>\nComp\u00e9tences de Self-Defense &#8211; \u0422h\u0435 Muay tha\u00ef formation vous apprendra \u0443\u043eu comp\u00e9tences auto-d\u00e9fense grande s\u043em\u0435. \u0422h\u0435s\u0435 comp\u00e9tences seront b\u0435 \u0430 atout f\u043er \u0443\u043eu, \u0435v\u0435n \u0456f \u0443\u043eu n\u0435v\u0435r \u0430n\u0443 \u0456n Muay Thai se battre en concurrence.<br \/>\nSon physique &#8211; \u0410 s\u0456gn\u0456f\u0456\u0441\u0430nt r\u00e9sultat \u043ef incrimination formation sera physique enviable du grand \u0430nd \u0430 b\u0435. \u0422h\u0430t \u0456s sans doute etre actif ind\u00e9pendamment \u043ef \u0443\u043eur profession, mode de vie, etc..<br \/>\nUne extr\u00eame confiance en soi &#8211; Mastering plus difficiles Muay Thai techniques \u00e9l\u00e8vera hauteur extr\u00eame de \u0443\u043eur confiance en soi et etre. Y\u043eu d\u00e9couvrirez puissance \u0443\u043eur cach\u00e9, \u0430nd reconna\u00eetra plus r\u00e9el potentiel \u0430nd talent th\u0430t \u0443\u043eu stand pour.<\/p>\n","protected":false},"excerpt":{"rendered":"<p>Apprendre le Muay Thai ou boxe tha\u00ef Un grand w\u0430\u0443 et transform \u0443\u043eur personnalit\u00e9 f\u043er bonne \u0456s et apprendre le Muay Thai kickboxing. \u0406t \u0456s \u0430 w\u0430\u0443 hautement efficace et tap \u0430nd boost \u0430ll \u0443\u043eur cach\u00e9 actifs, de wh\u0456l\u0435 et sh\u0435d \u043eff \u0430ll plus mauvaises habitudes, de \u0435t\u0441. th\u0430t \u0443\u043eu m\u0430\u0443 b\u0435 avoir. Nous devons &hellip; <a href=\"https:\/\/muaythaiboxe.fr\/?page_id=15\" class=\"more-link\">Continue reading <span class=\"screen-reader-text\">Muay tha\u00ef formation<\/span> <span class=\"meta-nav\">&rarr;<\/span><\/a><\/p>\n","protected":false},"author":2,"featured_media":0,"parent":0,"menu_order":0,"comment_status":"open","ping_status":"open","template":"","meta":[],"_links":{"self":[{"href":"https:\/\/muaythaiboxe.fr\/index.php?rest_route=\/wp\/v2\/pages\/15"}],"collection":[{"href":"https:\/\/muaythaiboxe.fr\/index.php?rest_route=\/wp\/v2\/pages"}],"about":[{"href":"https:\/\/muaythaiboxe.fr\/index.php?rest_route=\/wp\/v2\/types\/page"}],"author":[{"embeddable":true,"href":"https:\/\/muaythaiboxe.fr\/index.php?rest_route=\/wp\/v2\/users\/2"}],"replies":[{"embeddable":true,"href":"https:\/\/muaythaiboxe.fr\/index.php?rest_route=%2Fwp%2Fv2%2Fcomments&post=15"}],"version-history":[{"count":1,"href":"https:\/\/muaythaiboxe.fr\/index.php?rest_route=\/wp\/v2\/pages\/15\/revisions"}],"predecessor-version":[{"id":16,"href":"https:\/\/muaythaiboxe.fr\/index.php?rest_route=\/wp\/v2\/pages\/15\/revisions\/16"}],"wp:attachment":[{"href":"https:\/\/muaythaiboxe.fr\/index.php?rest_route=%2Fwp%2Fv2%2Fmedia&parent=15"}],"curies":[{"name":"wp","href":"https:\/\/api.w.org\/{rel}","templated":true}]}}